{"id":19,"date":"2020-03-20T15:53:40","date_gmt":"2020-03-20T15:53:40","guid":{"rendered":"http:\/\/asya-erge.com\/?page_id=19"},"modified":"2022-09-08T16:49:12","modified_gmt":"2022-09-08T16:49:12","slug":"contact","status":"publish","type":"page","link":"https:\/\/asya-erge.com\/?page_id=19","title":{"rendered":"Info and Kontakt"},"content":{"rendered":"\n<div class=\"wp-container-3 wp-block-columns\">\n<div class=\"wp-container-1 wp-block-column\" style=\"flex-basis:33.33%\"><div class=\"wp-block-image\">\n<figure class=\"aligncenter size-large\"><img data-attachment-id=\"298\" data-permalink=\"https:\/\/asya-erge.com\/?attachment_id=298\" data-orig-file=\"https:\/\/asya-erge.com\/wp-content\/uploads\/2020\/04\/ASYA_ERGE_web.jpg\" data-orig-size=\"1546,2000\" data-comments-opened=\"0\" data-image-meta=\"{&quot;aperture&quot;:&quot;0&quot;,&quot;credit&quot;:&quot;&quot;,&quot;camera&quot;:&quot;&quot;,&quot;caption&quot;:&quot;&quot;,&quot;created_timestamp&quot;:&quot;0&quot;,&quot;copyright&quot;:&quot;www.china-hopson.com&quot;,&quot;focal_length&quot;:&quot;0&quot;,&quot;iso&quot;:&quot;0&quot;,&quot;shutter_speed&quot;:&quot;0&quot;,&quot;title&quot;:&quot;&quot;,&quot;orientation&quot;:&quot;0&quot;}\" data-image-title=\"ASYA_ERGE_web\" data-image-description=\"\" data-image-caption=\"\" data-medium-file=\"https:\/\/asya-erge.com\/wp-content\/uploads\/2020\/04\/ASYA_ERGE_web-232x300.jpg\" data-large-file=\"https:\/\/asya-erge.com\/wp-content\/uploads\/2020\/04\/ASYA_ERGE_web-792x1024.jpg\" loading=\"lazy\" width=\"792\" height=\"1024\" src=\"http:\/\/asya-erge.com\/wp-content\/uploads\/2020\/04\/ASYA_ERGE_web-792x1024.jpg\" alt=\"\" class=\"wp-image-298\" srcset=\"https:\/\/asya-erge.com\/wp-content\/uploads\/2020\/04\/ASYA_ERGE_web-792x1024.jpg 792w, https:\/\/asya-erge.com\/wp-content\/uploads\/2020\/04\/ASYA_ERGE_web-232x300.jpg 232w, https:\/\/asya-erge.com\/wp-content\/uploads\/2020\/04\/ASYA_ERGE_web-768x994.jpg 768w, https:\/\/asya-erge.com\/wp-content\/uploads\/2020\/04\/ASYA_ERGE_web-1187x1536.jpg 1187w, https:\/\/asya-erge.com\/wp-content\/uploads\/2020\/04\/ASYA_ERGE_web-1200x1552.jpg 1200w, https:\/\/asya-erge.com\/wp-content\/uploads\/2020\/04\/ASYA_ERGE_web.jpg 1546w\" sizes=\"(max-width: 792px) 100vw, 792px\" \/><\/figure><\/div>\n\n\n<p><strong>info@asya-erge.com<\/strong><\/p>\n<\/div>\n\n\n\n<div class=\"wp-container-2 wp-block-column\" style=\"flex-basis:66.66%\">\n<p><strong>2022<\/strong><br>&#8211; Masterstudium, Kulturanalyse und Kulturvermittlung &#8211; Kulturanthropologie der Moden, TU Dortmund  <br>&#8211; Grundlagenstudium, Sozial- und Kulturanthropologie, Freie Universit\u00e4t Berlin<\/p>\n\n\n\n<p><strong>2021<\/strong><br>&#8211; Junior Kost\u00fcmassistentin, Kinofilm, Komplizen Film GmbH<br>&#8211; Junior Garderobe, TV Serie, UFA Fiction<\/p>\n\n\n\n<p class=\"has-text-align-left\"><strong>2020<\/strong><br>&#8211; Junior Garderobe, TV Serie, UFA Fiction<br>&#8211; Praktikum, Kost\u00fcmfundus, Zeitkost\u00fcm<br>&#8211; Kost\u00fcmpraktikum, Fernsehfilm, Busse-Film<\/p>\n\n\n\n<p><strong>2019 <\/strong><br>&#8211; Kost\u00fcmassistenz, Oper, Theater Basel  <br>&#8211; Kost\u00fcmassistenz, Abschlussfilm, Filmakademie Baden-W\u00fcrttemberg, Ludiwgsburg <br>&#8211; Bachelor-Abschluss, Kost\u00fcmbild, Hochschule Hannover<\/p>\n\n\n\n<p><strong>2018<\/strong><br>&#8211; Auslandsemester, Costume Design and Practice, Birmingham City University, GB<br>&#8211; Praktikum, Freies Theater Tempus Fugit Ev., L\u00f6rrach<\/p>\n\n\n\n<p><strong>2017<\/strong><br>&#8211; Kost\u00fcmhospitanz, Oper, Theater Basel<br>&#8211; Kost\u00fcmbild, Studentenoper, Hochschule f\u00fcr Musik Theater und Medien Hannover<\/p>\n\n\n\n<p><strong>2016<\/strong><br>&#8211; Austellung in Kooperation mit dem Herzog Anton Ulrich-Museum, Braunschweig<br><\/p>\n<\/div>\n<\/div>\n","protected":false},"excerpt":{"rendered":"<p>info@asya-erge.com 2022&#8211; Masterstudium, Kulturanalyse und Kulturvermittlung &#8211; Kulturanthropologie der Moden, TU Dortmund &#8211; Grundlagenstudium, Sozial- und Kulturanthropologie, Freie Universit\u00e4t Berlin 2021&#8211; Junior Kost\u00fcmassistentin, Kinofilm, Komplizen Film GmbH&#8211; Junior Garderobe, TV Serie, UFA Fiction 2020&#8211; Junior Garderobe, TV Serie, UFA Fiction&#8211; Praktikum, Kost\u00fcmfundus, Zeitkost\u00fcm&#8211; Kost\u00fcmpraktikum, Fernsehfilm, Busse-Film 2019 &#8211; Kost\u00fcmassistenz, Oper, Theater Basel &#8211; Kost\u00fcmassistenz, Abschlussfilm, Filmakademie Baden-W\u00fcrttemberg, Ludiwgsburg &#8211; Bachelor-Abschluss, Kost\u00fcmbild, Hochschule Hannover 2018&#8211; Auslandsemester, Costume Design and Practice, Birmingham City University, GB&#8211; Praktikum, Freies Theater Tempus Fugit Ev., L\u00f6rrach<a class=\"more-link\" href=\"https:\/\/asya-erge.com\/?page_id=19\"><span data-hover=\"Read More\">Read More<\/span><\/a><\/p>\n","protected":false},"author":1,"featured_media":0,"parent":0,"menu_order":0,"comment_status":"closed","ping_status":"closed","template":"","meta":[],"tags":[],"_links":{"self":[{"href":"https:\/\/asya-erge.com\/index.php?rest_route=\/wp\/v2\/pages\/19"}],"collection":[{"href":"https:\/\/asya-erge.com\/index.php?rest_route=\/wp\/v2\/pages"}],"about":[{"href":"https:\/\/asya-erge.com\/index.php?rest_route=\/wp\/v2\/types\/page"}],"author":[{"embeddable":true,"href":"https:\/\/asya-erge.com\/index.php?rest_route=\/wp\/v2\/users\/1"}],"replies":[{"embeddable":true,"href":"https:\/\/asya-erge.com\/index.php?rest_route=%2Fwp%2Fv2%2Fcomments&post=19"}],"version-history":[{"count":12,"href":"https:\/\/asya-erge.com\/index.php?rest_route=\/wp\/v2\/pages\/19\/revisions"}],"predecessor-version":[{"id":359,"href":"https:\/\/asya-erge.com\/index.php?rest_route=\/wp\/v2\/pages\/19\/revisions\/359"}],"wp:attachment":[{"href":"https:\/\/asya-erge.com\/index.php?rest_route=%2Fwp%2Fv2%2Fmedia&parent=19"}],"wp:term":[{"taxonomy":"post_tag","embeddable":true,"href":"https:\/\/asya-erge.com\/index.php?rest_route=%2Fwp%2Fv2%2Ftags&post=19"}],"curies":[{"name":"wp","href":"https:\/\/api.w.org\/{rel}","templated":true}]}}